{"id":91,"date":"2017-01-10T12:44:37","date_gmt":"2017-01-10T12:44:37","guid":{"rendered":"http:\/\/www.hebamme-busch.de\/?page_id=91"},"modified":"2024-03-24T21:39:12","modified_gmt":"2024-03-24T21:39:12","slug":"wochenbett","status":"publish","type":"page","link":"https:\/\/www.hebamme-veh.de\/?page_id=91","title":{"rendered":"Wochenbett"},"content":{"rendered":"<p><strong>Wochenbettbetreuung zuhause<\/strong><\/p>\n<p>Sobald Du an Deiner Wunschklinik entbunden hast und nach Hause entlassen wirst, besuche ich Dich regelm\u00e4\u00dfig in den ersten 12 Wochen und bei Bedarf und aufkommenden Fragen auch bis zum Ende der Stillzeit. Ich unterst\u00fctze Dich bei der Erholung und Eingew\u00f6hnung mit Deinem Baby in den Alltag, bei der R\u00fcckbildung und beim Stillen. Au\u00dferdem k\u00fcmmere ich mich um eine gute Abheilung des Nabels und achte auf die physiologische Gewichtsentwicklung Deines Neugeborenen.<\/p>\n<p><strong>R\u00fcckbildung<\/strong><\/p>\n<p>W\u00e4hrend der Schwangerschaft lockert sich das Gewebe, die Muskulatur und der K\u00f6rper unter anderem aufgrund von bestimmten Hormonen auf und wird zur Geburt vorbereitet. Es ist wichtig die R\u00fcckbildung nach der Geburt mit bestimmten Verhaltensweisen und \u00dcbungen im Alltag zu unterst\u00fctzen. Besonders zur Kr\u00e4ftigung des Beckenbodens und der gesamten K\u00f6rpermuskulatur zeige ich Dir im <a href=\"http:\/\/www.hebamme-busch.de\/?page_id=38\" target=\"_blank\" rel=\"noopener noreferrer\">R\u00fcckbildungskurs<\/a> gezielte \u00dcbungen, die Du zuhause weiter anwenden k\u00f6nnen.<\/p>\n<p><strong>Babymassage<\/strong><\/p>\n<p>Dein Kind w\u00e4chst und entwickelt sich in den ersten Wochen nach der Geburt sehr schnell. Es hat immer l\u00e4nger werdende Wachphasen, wird aktiver und reagiert immer mehr auf Anspache und Ber\u00fchrungen. Ab der 4. bis 6. Lebenswoche kann man mit der Babymassage nach Leboyer beginnen. Diese gibt nicht nur Dir und Deinem Kind wertvolle Zeit miteinander zum Entspannen, sondern regt auch alle Sinne und die Entwicklung Deines Baby`s an. Auch bei Verdauungs- oder Schlafproblemen Deines Neugeborenen kann eine Babymassage sehr gut helfen.<\/p>\n<p><strong>Still &#8211; und Beikostberatung<\/strong><\/p>\n<p>Muttermilch ist die beste Ern\u00e4hrung f\u00fcr Dein Neugeborenes: Sie bietet alle wesentlichen, leicht verdaulichen und auf Dein Baby perfekt angepassten, wichtigen N\u00e4hrstoffe! Sie st\u00e4rkt die Immunabwehr und hat auch viele Vorteile f\u00fcr Dich als Mama, wie zum Beispiel ein vermindertes Risiko sp\u00e4ter an Brustkrebs zu erkranken oder auch eine schnellere Gewichtsabnahme nach der Geburt. Da, unter anderem die WHO (Weltgesundheitsorganisation) empfielt 6 Monate bzw. bis Dein Kind Interesse am Essen zeigt, voll zu Stillen, kann ich Dir als Hebamme w\u00e4hrend der gesamten Stillzeit hierzu bei Fragen zur Seite stehen. Genauso unterst\u00fctze ich Dich auch bei Deiner Entscheidung ohne Stillen und mit der Flaschenmilch zu f\u00fcttern. Nat\u00fcrlich auch beim Wunsch allm\u00e4hlich abzustillen oder die Beikost ab dem (4. bis)\u00a0 6. Monat bei Deinem Neugeborenen einzuf\u00fchren, kannst Du mich jederzeit wieder kontaktieren, um so gemeinsam verschiedene M\u00f6glichkeiten f\u00fcr Dich zu finden.<\/p>\n ","protected":false},"excerpt":{"rendered":"<p>Wochenbettbetreuung zuhause Sobald Du an Deiner Wunschklinik entbunden hast und nach Hause entlassen wirst, besuche ich Dich regelm\u00e4\u00dfig in den ersten 12 Wochen und bei Bedarf und aufkommenden Fragen auch bis zum Ende der Stillzeit. Ich unterst\u00fctze Dich bei der Erholung und Eingew\u00f6hnung mit Deinem Baby in den Alltag, bei der R\u00fcckbildung und beim Stillen. &hellip; <\/p>\n<p class=\"link-more\"><a href=\"https:\/\/www.hebamme-veh.de\/?page_id=91\" class=\"more-link\"><span class=\"screen-reader-text\">\u201eWochenbett\u201c <\/span>weiterlesen<\/a><\/p>\n","protected":false},"author":1,"featured_media":0,"parent":0,"menu_order":0,"comment_status":"closed","ping_status":"closed","template":"","meta":{"footnotes":""},"class_list":["post-91","page","type-page","status-publish","hentry"],"_links":{"self":[{"href":"https:\/\/www.hebamme-veh.de\/index.php?rest_route=\/wp\/v2\/pages\/91","targetHints":{"allow":["GET"]}}],"collection":[{"href":"https:\/\/www.hebamme-veh.de\/index.php?rest_route=\/wp\/v2\/pages"}],"about":[{"href":"https:\/\/www.hebamme-veh.de\/index.php?rest_route=\/wp\/v2\/types\/page"}],"author":[{"embeddable":true,"href":"https:\/\/www.hebamme-veh.de\/index.php?rest_route=\/wp\/v2\/users\/1"}],"replies":[{"embeddable":true,"href":"https:\/\/www.hebamme-veh.de\/index.php?rest_route=%2Fwp%2Fv2%2Fcomments&post=91"}],"version-history":[{"count":11,"href":"https:\/\/www.hebamme-veh.de\/index.php?rest_route=\/wp\/v2\/pages\/91\/revisions"}],"predecessor-version":[{"id":286,"href":"https:\/\/www.hebamme-veh.de\/index.php?rest_route=\/wp\/v2\/pages\/91\/revisions\/286"}],"wp:attachment":[{"href":"https:\/\/www.hebamme-veh.de\/index.php?rest_route=%2Fwp%2Fv2%2Fmedia&parent=91"}],"curies":[{"name":"wp","href":"https:\/\/api.w.org\/{rel}","templated":true}]}}