{"id":90,"date":"2017-01-10T12:44:36","date_gmt":"2017-01-10T12:44:36","guid":{"rendered":"http:\/\/www.hebamme-busch.de\/?page_id=90"},"modified":"2024-03-24T22:01:00","modified_gmt":"2024-03-24T22:01:00","slug":"geburt","status":"publish","type":"page","link":"https:\/\/www.hebamme-veh.de\/?page_id=90","title":{"rendered":"Geburt"},"content":{"rendered":"<p>Die Wahl des Geburtsortes ist individuell verschieden und das ist auch gut so. Jede Frau soll dort geb\u00e4ren, wo sie sich wohlf\u00fchlt. Ich bespreche mit Dir gerne alle M\u00f6glichkeiten, die du hast.<\/p>\n<p>Nat\u00fcrlich unabh\u00e4ngig an welchem Geburtsort oder an welcher Klinik Du entbinden m\u00f6chtest, unterst\u00fctze und betreue ich Dich sehr gerne.<\/p>\n<p>Zur Vorbereitung oder bei Fragen rund um die Geburt stehe ich Dir jederzeit zur Seite.<\/p>\n ","protected":false},"excerpt":{"rendered":"<p>Die Wahl des Geburtsortes ist individuell verschieden und das ist auch gut so. Jede Frau soll dort geb\u00e4ren, wo sie sich wohlf\u00fchlt. Ich bespreche mit Dir gerne alle M\u00f6glichkeiten, die du hast. Nat\u00fcrlich unabh\u00e4ngig an welchem Geburtsort oder an welcher Klinik Du entbinden m\u00f6chtest, unterst\u00fctze und betreue ich Dich sehr gerne. Zur Vorbereitung oder bei &hellip; <\/p>\n<p class=\"link-more\"><a href=\"https:\/\/www.hebamme-veh.de\/?page_id=90\" class=\"more-link\"><span class=\"screen-reader-text\">\u201eGeburt\u201c <\/span>weiterlesen<\/a><\/p>\n","protected":false},"author":1,"featured_media":0,"parent":0,"menu_order":0,"comment_status":"closed","ping_status":"closed","template":"","meta":{"footnotes":""},"class_list":["post-90","page","type-page","status-publish","hentry"],"_links":{"self":[{"href":"https:\/\/www.hebamme-veh.de\/index.php?rest_route=\/wp\/v2\/pages\/90","targetHints":{"allow":["GET"]}}],"collection":[{"href":"https:\/\/www.hebamme-veh.de\/index.php?rest_route=\/wp\/v2\/pages"}],"about":[{"href":"https:\/\/www.hebamme-veh.de\/index.php?rest_route=\/wp\/v2\/types\/page"}],"author":[{"embeddable":true,"href":"https:\/\/www.hebamme-veh.de\/index.php?rest_route=\/wp\/v2\/users\/1"}],"replies":[{"embeddable":true,"href":"https:\/\/www.hebamme-veh.de\/index.php?rest_route=%2Fwp%2Fv2%2Fcomments&post=90"}],"version-history":[{"count":13,"href":"https:\/\/www.hebamme-veh.de\/index.php?rest_route=\/wp\/v2\/pages\/90\/revisions"}],"predecessor-version":[{"id":296,"href":"https:\/\/www.hebamme-veh.de\/index.php?rest_route=\/wp\/v2\/pages\/90\/revisions\/296"}],"wp:attachment":[{"href":"https:\/\/www.hebamme-veh.de\/index.php?rest_route=%2Fwp%2Fv2%2Fmedia&parent=90"}],"curies":[{"name":"wp","href":"https:\/\/api.w.org\/{rel}","templated":true}]}}