{"id":89,"date":"2017-01-10T12:44:36","date_gmt":"2017-01-10T12:44:36","guid":{"rendered":"http:\/\/www.hebamme-busch.de\/?page_id=89"},"modified":"2024-03-24T21:27:32","modified_gmt":"2024-03-24T21:27:32","slug":"schwangerschaft","status":"publish","type":"page","link":"https:\/\/www.hebamme-veh.de\/?page_id=89","title":{"rendered":"Schwangerschaft"},"content":{"rendered":"<p><strong>Betreuung in der Schwangerschaft und Hilfe bei Schwangerschaftsbeschwerden<\/strong><\/p>\n<p>In der Schwangerschaft kommen viele Fragen auf und der K\u00f6rper ver\u00e4ndert sich. Auch im Zusammenhang damit treten immer wieder Beschwerden auf. Zusammen mit Dir m\u00f6chte ich Deine Fragen kl\u00e4ren und die beste M\u00f6glichkeit finden Deine Beschwerden zu lindern. Egal ob mit allt\u00e4glich, bew\u00e4hrten Tipps, Akupunktur oder Akutaping, zusammen finden wir Deine L\u00f6sung.<\/p>\n<p><strong>Akupunktur bei Beschwerden<\/strong><\/p>\n<p>Die chinesische Heilmethode findet seit Jahren unterst\u00fctzend zur Schulmedizin bei vielen Beschwerden Anwendung. Beschwerden wie \u00dcbelkeit, Migr\u00e4ne, Ischialgien\/R\u00fcckenschmerzen, Sodbrennen, Wassereinlagerungen oder vieles mehr k\u00f6nnen sehr gut mit Akupunktur behandelt werden.<\/p>\n<p><strong>Geburtsvorbereitende Akupunktur<\/strong><\/p>\n<p>Ab der 36. Schwangerschaftswoche beginnt man mit der geburtsvorbereitenden Akupunktur einmal w\u00f6chentlich bis zum Entbindungstermin. Mit diesem bew\u00e4hrten Schema der Akupunktur kann man den K\u00f6rper auf die Geburt sanft vorbereiten, w\u00e4hrend der Geburt \u00f6ffnet sich der Muttermund schneller und somit kann die Geburtsdauer deutlich verk\u00fcrzt werden.<\/p>\n<p><strong>Ern\u00e4hrungsberatung<\/strong><\/p>\n<p>Was darf ich Essen und was nicht? Worauf muss ich achten, dass es mir und meinem Kind gut geht? Diese Fragen stellen sich werdende M\u00fctter besonders am Anfang der Schwangerschaft. Nimm gerne bereits in der Fr\u00fchschwangerschaft mit mir Kontakt auf. In einem Termin kl\u00e4re ich Dich bez\u00fcglich Deiner Fragen und Beschwerden individuell in Sachen Ern\u00e4hrung auf.<\/p>\n<p><strong>Moxa bei Beckenendlage<\/strong><\/p>\n<p>Eine sehr gute M\u00f6glichkeit, wenn Dein Kind in Beckenendlage sitzt, das Kind zur Drehung zu animieren, sodass es in die gewollte Sch\u00e4dellage kommt. Ab der 33. \/ 34. Schwangerschaftswoche kann man damit beginnen.<\/p>\n<p><strong>Geburtsvorbereitung<\/strong><\/p>\n<p>Was passiert w\u00e4hrend der Schwangerschaft und Geburt in meinem K\u00f6rper? Wie verl\u00e4uft eine normale Geburt? Wie komme ich am Besten mit den Wehen klar, was kann ich tun? Was kann ich tun, um fit und vorbereitet in die Geburt zu gehen? Diese und viele andere Fragen stellt man sich vor der Geburt. Um gut vorbereitet durch die Schwangerschaft, die Geburt und das Wochenbett zu kommen, ist es wichtig Antworten und Tipps zu bekommen. Mehr zur Geburtsvorbereitung, siehe <a href=\"http:\/\/www.hebamme-busch.de\/?page_id=38\">Kurse<\/a>.<\/p>\n<p><strong>S\u00e4uglingspflege<\/strong><\/p>\n<p>Werdende Eltern wollen immer das Beste f\u00fcr ihr Baby. Jedoch wissen viele nicht, wie sie das richtig anstellen sollen. Wie gehe ich mit dem Neugeborenen um und was braucht mein Kind wirklich? &#8211; Basierend auf den neuesten Studien, zeige ich Dir\u00a0 M\u00f6glichkeiten zur Pflege und den Umgang mit dem Neugeborenen, vor allem in der ersten Zeit. Mehr zur S\u00e4uglingspflege, siehe <a href=\"http:\/\/www.hebamme-busch.de\/?page_id=38\">Kurse<\/a>.<\/p>\n ","protected":false},"excerpt":{"rendered":"<p>Betreuung in der Schwangerschaft und Hilfe bei Schwangerschaftsbeschwerden In der Schwangerschaft kommen viele Fragen auf und der K\u00f6rper ver\u00e4ndert sich. Auch im Zusammenhang damit treten immer wieder Beschwerden auf. Zusammen mit Dir m\u00f6chte ich Deine Fragen kl\u00e4ren und die beste M\u00f6glichkeit finden Deine Beschwerden zu lindern. Egal ob mit allt\u00e4glich, bew\u00e4hrten Tipps, Akupunktur oder Akutaping, &hellip; <\/p>\n<p class=\"link-more\"><a href=\"https:\/\/www.hebamme-veh.de\/?page_id=89\" class=\"more-link\"><span class=\"screen-reader-text\">\u201eSchwangerschaft\u201c <\/span>weiterlesen<\/a><\/p>\n","protected":false},"author":1,"featured_media":0,"parent":0,"menu_order":0,"comment_status":"closed","ping_status":"closed","template":"","meta":{"footnotes":""},"class_list":["post-89","page","type-page","status-publish","hentry"],"_links":{"self":[{"href":"https:\/\/www.hebamme-veh.de\/index.php?rest_route=\/wp\/v2\/pages\/89","targetHints":{"allow":["GET"]}}],"collection":[{"href":"https:\/\/www.hebamme-veh.de\/index.php?rest_route=\/wp\/v2\/pages"}],"about":[{"href":"https:\/\/www.hebamme-veh.de\/index.php?rest_route=\/wp\/v2\/types\/page"}],"author":[{"embeddable":true,"href":"https:\/\/www.hebamme-veh.de\/index.php?rest_route=\/wp\/v2\/users\/1"}],"replies":[{"embeddable":true,"href":"https:\/\/www.hebamme-veh.de\/index.php?rest_route=%2Fwp%2Fv2%2Fcomments&post=89"}],"version-history":[{"count":18,"href":"https:\/\/www.hebamme-veh.de\/index.php?rest_route=\/wp\/v2\/pages\/89\/revisions"}],"predecessor-version":[{"id":275,"href":"https:\/\/www.hebamme-veh.de\/index.php?rest_route=\/wp\/v2\/pages\/89\/revisions\/275"}],"wp:attachment":[{"href":"https:\/\/www.hebamme-veh.de\/index.php?rest_route=%2Fwp%2Fv2%2Fmedia&parent=89"}],"curies":[{"name":"wp","href":"https:\/\/api.w.org\/{rel}","templated":true}]}}