{"id":38,"date":"2016-11-10T22:04:45","date_gmt":"2016-11-10T22:04:45","guid":{"rendered":"http:\/\/www.hebamme-busch.de\/?page_id=38"},"modified":"2024-03-25T19:33:42","modified_gmt":"2024-03-25T19:33:42","slug":"kurse","status":"publish","type":"page","link":"https:\/\/www.hebamme-veh.de\/?page_id=38","title":{"rendered":"Kurse"},"content":{"rendered":"<p><strong>Geburtsvorbereitung<\/strong><\/p>\n<p>In meinem Geburtsvorbereitungskurs werden Themen zur Schwangerschaft, Geburt, zum Wochenbett, S\u00e4uglingspflege und zur Stillzeit besprochen. Der Kurs wird durch, an die Schwangerschaft angepasste Fitness, Entspannungstechniken und durch Atem\u00fcbungen erg\u00e4nzt. Bei den Geburtsvorbereitungskursen ist immer ein Teil mit den werdenden V\u00e4tern eingeplant, da durchaus auch die Partner eine wichtige Rolle w\u00e4hrend der Schwangerschaft, Geburt und dem Wochenbett spielen. W\u00fcnschst Du Dir einen Geburtsvorbereitungskurs ohne Partner, kannst Du mich gerne darauf ansprechen.<\/p>\n<p>Der Geburtsvorbereitungskurs wird f\u00fcr Schwangere von der Krankenkasse \u00fcbernommen. Die Kosten f\u00fcr den Partner betragen pro Kursstunde 12,50\u20ac und sind am ersten Kursabend zu entrichten. Auch diese Kosten werden von den meisten gesetzlichen Krankenkassen teilweise oder vollst\u00e4ndig \u00fcbernommen. Bitte informiere Dich dazu vorab bei Deiner Krankenkasse.<\/p>\n<p><strong>S\u00e4uglingspflege<\/strong><\/p>\n<p>Neben Babypflege und sinnvoller Babyaustattung werden auch Themen zum Umgang mit dem neuen Familienzuwachs behandelt. Insbesondere f\u00fcr Erstgeb\u00e4rende ist dieser Kurs interessant.<\/p>\n<p><strong>R\u00fcckbildung<\/strong><\/p>\n<p>Ein R\u00fcckbildungskurs ist wichtig f\u00fcr alle frisch gebackenen Mamas, egal ob Du normal spontan oder per Kaiserschnitt entbunden hast. Die in der Schwangerschaft stark beanspruchte Muskulatur, insbesondere die Beckenboden, die Bauch- und R\u00fcckenmuskulatur, brauchen mithilfe gezielter \u00dcbungen Unterst\u00fctzung zur St\u00e4rkung und R\u00fcckbildung. Auch im Hinblick auf sp\u00e4ter ist es wichtig, durch Beckenbodengymnastik, u.a. einer Inkontinenz vorzubeugen. Der R\u00fcckbildungskurs wird von der Krankenkasse komplett \u00fcbernommen.<\/p>\n<p><strong>Babymassage<\/strong><\/p>\n<p>Ab der 4. bis 6. Lebenswoche kann man mit der Babymassage nach Leboyer beginnen. Es f\u00f6rdert die Wahrnehmung und Bindung, st\u00e4rkt das Immunsystem, entspannt und beruhigt\u00a0 Dein Baby. Die sanfte Massage vermittelt Deinem Baby Sicherheit und Geborgenheit. Es kann bei Verdauungs- und Durchschlafproblemen sehr gut helfen.<\/p>\n<p><strong>Beikost<\/strong><\/p>\n<p>Was kommt nach der Milch? Wann beginne ich? Mit welchem Lebensmittel fange ich an? Muss ich abstillen? Welche Lebensmittel sind \u00fcberhaupt geeignet? Wie ist das mit der Allergieprophylaxe? Breikost oder Baby Led Weaning?<\/p>\n<p>So viele Fragen. Kein Wunder, wenn man da als Eltern etwas \u00fcberfordert ist und nicht so recht wei\u00df, wie man es richtig machen soll.<\/p>\n<p>In meinem Beikostkurs gehe ich auf diese Fragen ein und m\u00f6chte ein breites Bild der Beikosteinf\u00fchrung und der verschiedenen Arten der Beikost geben und aktuelle Empfehlungen mitaufgreifen.<\/p>\n<p><strong>Babyschwimmen<\/strong><\/p>\n<p>Das gemeinsame Schwimmen im Wasser ist f\u00fcr Eltern und Baby ein gro\u00dfes Vergn\u00fcgen. Hier geht es insbesondere um die F\u00f6rderung der Beweglichkeit und der Wassergew\u00f6hnung des Babys. Dieser fr\u00fche Kontakt mit dem Element Wasser f\u00f6rdert die Motorik und das Immunsystem ebenso wie die sozialen Kontakte und die Eltern-Kind-Bindung durch den intensiven K\u00f6rperkontakt im Wasser. Der Kurs ist f\u00fcr Babys von ca. 4 Monaten bis 1 Jahr.<\/p>\n<p><strong>Kleinkindschwimmen<\/strong><\/p>\n<p>Auch beim Kleinkindschwimmen steht die Bindung zwischen Eltern und Kind im Vordergrund, sowie nat\u00fcrlich auch der Spa\u00df im Wasser und somit auch die Wassergew\u00f6hnung. Spielerisch w\u00e4chst Euer Kind \u00fcber sich hinaus. In diesem Kurs bekommt Ihr Ideen und Anregungen, wie Ihr Euer Kind individuell k\u00fcnftig im Wasser f\u00f6rdern k\u00f6nnt. Au\u00dferdem ist auch die Sicherheit im und am Wasser ein Thema, ich m\u00f6chte Euch sensibilisieren, dass die Kinder mit dem Element Wasser vertraut sein sollen, um m\u00f6gliche Unf\u00e4lle oder daraus folgende Traumata zu meiden.\u00a0 Dieser Kurs ist f\u00fcr Kleinkinder ab ca. 1 Jahr bis ca. 3 Jahren.<\/p>\n<p><strong>Bauch &#8211; Baby &#8211; Po<\/strong><\/p>\n<p>Der Fitnesskurs ist f\u00fcr Mamas, die die letzten Babypfunde verabschieden, sich fit halten wollen und auch gerne ihr Baby oder Kleinkind miteinbinden m\u00f6chten. Die verschiedenen Elemente im Kurs k\u00f6nnen mit oder ohne Babytrage, und auch mit aktiven, sowie auch schlafendem Baby gemacht werden. Gemeinsam wollen wir mit Spa\u00df und guter Musik den Alltag f\u00fcr kurze Zeit hinter uns lassen und ganz nebenbei Sport machen. Dieser Kurs sollte erst nach dem R\u00fcckbildungskurs begonnen werden.<\/p>\n<p style=\"text-align: center;\"><em>\u00a0<\/em><\/p>\n ","protected":false},"excerpt":{"rendered":"<p>Geburtsvorbereitung In meinem Geburtsvorbereitungskurs werden Themen zur Schwangerschaft, Geburt, zum Wochenbett, S\u00e4uglingspflege und zur Stillzeit besprochen. Der Kurs wird durch, an die Schwangerschaft angepasste Fitness, Entspannungstechniken und durch Atem\u00fcbungen erg\u00e4nzt. Bei den Geburtsvorbereitungskursen ist immer ein Teil mit den werdenden V\u00e4tern eingeplant, da durchaus auch die Partner eine wichtige Rolle w\u00e4hrend der Schwangerschaft, Geburt und &hellip; <\/p>\n<p class=\"link-more\"><a href=\"https:\/\/www.hebamme-veh.de\/?page_id=38\" class=\"more-link\"><span class=\"screen-reader-text\">\u201eKurse\u201c <\/span>weiterlesen<\/a><\/p>\n","protected":false},"author":1,"featured_media":0,"parent":0,"menu_order":0,"comment_status":"closed","ping_status":"closed","template":"","meta":{"footnotes":""},"class_list":["post-38","page","type-page","status-publish","hentry"],"_links":{"self":[{"href":"https:\/\/www.hebamme-veh.de\/index.php?rest_route=\/wp\/v2\/pages\/38","targetHints":{"allow":["GET"]}}],"collection":[{"href":"https:\/\/www.hebamme-veh.de\/index.php?rest_route=\/wp\/v2\/pages"}],"about":[{"href":"https:\/\/www.hebamme-veh.de\/index.php?rest_route=\/wp\/v2\/types\/page"}],"author":[{"embeddable":true,"href":"https:\/\/www.hebamme-veh.de\/index.php?rest_route=\/wp\/v2\/users\/1"}],"replies":[{"embeddable":true,"href":"https:\/\/www.hebamme-veh.de\/index.php?rest_route=%2Fwp%2Fv2%2Fcomments&post=38"}],"version-history":[{"count":14,"href":"https:\/\/www.hebamme-veh.de\/index.php?rest_route=\/wp\/v2\/pages\/38\/revisions"}],"predecessor-version":[{"id":305,"href":"https:\/\/www.hebamme-veh.de\/index.php?rest_route=\/wp\/v2\/pages\/38\/revisions\/305"}],"wp:attachment":[{"href":"https:\/\/www.hebamme-veh.de\/index.php?rest_route=%2Fwp%2Fv2%2Fmedia&parent=38"}],"curies":[{"name":"wp","href":"https:\/\/api.w.org\/{rel}","templated":true}]}}