{"id":306,"date":"2024-03-25T19:47:03","date_gmt":"2024-03-25T19:47:03","guid":{"rendered":"https:\/\/www.hebamme-veh.de\/?page_id=306"},"modified":"2024-03-25T19:50:41","modified_gmt":"2024-03-25T19:50:41","slug":"urlaub-und-vertretungsregelung","status":"publish","type":"page","link":"https:\/\/www.hebamme-veh.de\/?page_id=306","title":{"rendered":"Urlaub und Vertretungsregelung"},"content":{"rendered":"\n<p>In meiner Abwesenheit, egal ob im geplanten Urlaub oder bei Krankheit, bin ich nat\u00fcrlich in einem Netzwerk mit verschiedenen Hebammen vom Landkreis. Beim Erstgespr\u00e4ch teile ich Dir immer meine geplanten Urlaubszeiten mit und wir besprechen hier auch wer meine direkte Vertretung f\u00fcr Dich ist und gebe dir auch direkt die Kontaktdaten weiter, sodass du immer eine Ansprechpartnerin hast. <\/p>\n ","protected":false},"excerpt":{"rendered":"<p>In meiner Abwesenheit, egal ob im geplanten Urlaub oder bei Krankheit, bin ich nat\u00fcrlich in einem Netzwerk mit verschiedenen Hebammen vom Landkreis. Beim Erstgespr\u00e4ch teile ich Dir immer meine geplanten Urlaubszeiten mit und wir besprechen hier auch wer meine direkte Vertretung f\u00fcr Dich ist und gebe dir auch direkt die Kontaktdaten weiter, sodass du immer &hellip; <\/p>\n<p class=\"link-more\"><a href=\"https:\/\/www.hebamme-veh.de\/?page_id=306\" class=\"more-link\"><span class=\"screen-reader-text\">\u201eUrlaub und Vertretungsregelung\u201c <\/span>weiterlesen<\/a><\/p>\n","protected":false},"author":1,"featured_media":0,"parent":0,"menu_order":7,"comment_status":"closed","ping_status":"closed","template":"","meta":{"footnotes":""},"class_list":["post-306","page","type-page","status-publish","hentry"],"_links":{"self":[{"href":"https:\/\/www.hebamme-veh.de\/index.php?rest_route=\/wp\/v2\/pages\/306","targetHints":{"allow":["GET"]}}],"collection":[{"href":"https:\/\/www.hebamme-veh.de\/index.php?rest_route=\/wp\/v2\/pages"}],"about":[{"href":"https:\/\/www.hebamme-veh.de\/index.php?rest_route=\/wp\/v2\/types\/page"}],"author":[{"embeddable":true,"href":"https:\/\/www.hebamme-veh.de\/index.php?rest_route=\/wp\/v2\/users\/1"}],"replies":[{"embeddable":true,"href":"https:\/\/www.hebamme-veh.de\/index.php?rest_route=%2Fwp%2Fv2%2Fcomments&post=306"}],"version-history":[{"count":1,"href":"https:\/\/www.hebamme-veh.de\/index.php?rest_route=\/wp\/v2\/pages\/306\/revisions"}],"predecessor-version":[{"id":307,"href":"https:\/\/www.hebamme-veh.de\/index.php?rest_route=\/wp\/v2\/pages\/306\/revisions\/307"}],"wp:attachment":[{"href":"https:\/\/www.hebamme-veh.de\/index.php?rest_route=%2Fwp%2Fv2%2Fmedia&parent=306"}],"curies":[{"name":"wp","href":"https:\/\/api.w.org\/{rel}","templated":true}]}}