{"id":2,"date":"2016-05-10T03:48:21","date_gmt":"2016-05-10T03:48:21","guid":{"rendered":"http:\/\/wp452m.a10-52-158-154.qa.plesk.ru\/wordpress\/?page_id=2"},"modified":"2026-04-09T21:07:14","modified_gmt":"2026-04-09T21:07:14","slug":"sample-page","status":"publish","type":"page","link":"https:\/\/www.hebamme-veh.de\/?page_id=2","title":{"rendered":"\u00dcber mich"},"content":{"rendered":"<p><a href=\"https:\/\/www.hebamme-veh.de\/wp-content\/uploads\/2026\/04\/IMG_2458-1-scaled.jpeg\"><img loading=\"lazy\" decoding=\"async\" class=\"alignright size-medium wp-image-348\" src=\"https:\/\/www.hebamme-veh.de\/wp-content\/uploads\/2026\/04\/IMG_2458-1-306x400.jpeg\" alt=\"\" width=\"306\" height=\"400\" srcset=\"https:\/\/www.hebamme-veh.de\/wp-content\/uploads\/2026\/04\/IMG_2458-1-306x400.jpeg 306w, https:\/\/www.hebamme-veh.de\/wp-content\/uploads\/2026\/04\/IMG_2458-1-459x600.jpeg 459w, https:\/\/www.hebamme-veh.de\/wp-content\/uploads\/2026\/04\/IMG_2458-1-768x1003.jpeg 768w, https:\/\/www.hebamme-veh.de\/wp-content\/uploads\/2026\/04\/IMG_2458-1-1176x1536.jpeg 1176w, https:\/\/www.hebamme-veh.de\/wp-content\/uploads\/2026\/04\/IMG_2458-1-1568x2048.jpeg 1568w, https:\/\/www.hebamme-veh.de\/wp-content\/uploads\/2026\/04\/IMG_2458-1-scaled.jpeg 1960w\" sizes=\"auto, (max-width: 306px) 100vw, 306px\" \/><\/a><\/p>\n<p>Ich bin Carmen Veh und wohne im sch\u00f6nen Landkreis Dillingen an der Donau. Hier bin ich aufgewachsen und bin gl\u00fccklich es weiterhin meine Heimat zu nennen. Ich bin verheiratet und habe drei Kinder. Aktuell bin ich in Elternzeit.<\/p>\n<p>Von 2013 bis 2016 habe ich am Universit\u00e4tsklinikum in Ulm meine Hebammenausbildung gemacht.<\/p>\n<p>Danach war ich von 2016\u00a0 bis 2019 als Beleghebamme in der Geburtshilfe am Josefinum in Augsburg t\u00e4tig. Schon w\u00e4hrenddessen habe ich auch freiberuflich im Raum Dillingen an der Donau mit Schwangerschaftsbetreuung, Kursen und Nachsorgen tolle Frauen und Familien betreuen d\u00fcrfen.<\/p>\n<p>Zwischen meinen Babypausen habe ich weiterhin als freiberufliche Hebamme hier im Landkreis Frauen in Schwangerschaft und Wochenbett zuhause betreut und auch verschiedene Kurse, wie Geburtsvorbereitung, R\u00fcckbildung, Bauch &#8211; Baby &#8211; Po (Fitness mit Baby nach der R\u00fcckbildung), Babymassage, Beikostkurse, sowie Baby &#8211; und Kleinkindschwimmen angeboten.<\/p>\n<p>Ich bin so dankbar und gl\u00fccklich, wie viele tolle Frauen und Familien ich in meiner Zeit als Hebamme schon begleiten durfte und freue mich schon auf Euch, die ich in Zukunft begleiten darf.\u00a0 Meinen Kindheitstraum ausleben zu k\u00f6nnen und als Hebamme Euch Familien mit Rat und Tat zur Seite zu stehen, erf\u00fcllt mich sehr und macht es nach wie vor zu meinem Traumberuf.<\/p>\n<p>Mit folgenden Weiterbildungen erg\u00e4nze ich meine Arbeit als Hebamme:<\/p>\n<ul>\n<li>Akupunkturausbildung<\/li>\n<li>Aku Taping in Schwangerschaft und Wochenbett<\/li>\n<li>Anleiterin zur Babymassage nach Leboyer<\/li>\n<li>Qualifikation zur Eltern-Kind-Kursleitung<\/li>\n<li>Weiterbildung zur Kursleitung im Babyschwimmen und Kleinkindschwimmen<\/li>\n<li>Weiterbildung zur Beikostberatung<\/li>\n<\/ul>\n<p>Ich freue mich sehr auf Dich und betreue Dich gerne ganz individuell nach Deinen W\u00fcnschen und Bed\u00fcrfnissen in dieser aufregenden und tollen Zeit.<\/p>\n<p>Nat\u00fcrlich unabh\u00e4ngig an welchem Geburtsort oder an welcher Klinik Du entbinden m\u00f6chtest, unterst\u00fctze und betreue ich Dich sehr gerne.<\/p>\n<p><strong>Stand 2026: Aktuell bin ich noch in Elternzeit. Sobald ich wieder meine Arbeite aufnehme, Frauen betreue und Kurse anbiete, werde ich hier in meiner Homepage bzw. in meinen <a href=\"https:\/\/www.instagram.com\/hebammecarmenveh?igsh=ZTVrNmJyNm4zcDQ1&amp;utm_source=qr\">Instagram Account<\/a>, sowie in meinem WhatsApp &#8211; Status dar\u00fcber informieren. Habe ich Euch bereits zuvor betreut, schreibt mir bitte direkt eine Nachricht \/ SMS\u00a0 0173 \/ 8809004, so kann ich Euch besser weiterleiten.<\/strong><\/p>\n<p>Herzlich, Eure Carmen<\/p>\n ","protected":false},"excerpt":{"rendered":"<p>Ich bin Carmen Veh und wohne im sch\u00f6nen Landkreis Dillingen an der Donau. Hier bin ich aufgewachsen und bin gl\u00fccklich es weiterhin meine Heimat zu nennen. Ich bin verheiratet und habe drei Kinder. Aktuell bin ich in Elternzeit. Von 2013 bis 2016 habe ich am Universit\u00e4tsklinikum in Ulm meine Hebammenausbildung gemacht. Danach war ich von &hellip; <\/p>\n<p class=\"link-more\"><a href=\"https:\/\/www.hebamme-veh.de\/?page_id=2\" class=\"more-link\"><span class=\"screen-reader-text\">\u201e\u00dcber mich\u201c <\/span>weiterlesen<\/a><\/p>\n","protected":false},"author":1,"featured_media":0,"parent":0,"menu_order":0,"comment_status":"closed","ping_status":"open","template":"","meta":{"footnotes":""},"class_list":["post-2","page","type-page","status-publish","hentry"],"_links":{"self":[{"href":"https:\/\/www.hebamme-veh.de\/index.php?rest_route=\/wp\/v2\/pages\/2","targetHints":{"allow":["GET"]}}],"collection":[{"href":"https:\/\/www.hebamme-veh.de\/index.php?rest_route=\/wp\/v2\/pages"}],"about":[{"href":"https:\/\/www.hebamme-veh.de\/index.php?rest_route=\/wp\/v2\/types\/page"}],"author":[{"embeddable":true,"href":"https:\/\/www.hebamme-veh.de\/index.php?rest_route=\/wp\/v2\/users\/1"}],"replies":[{"embeddable":true,"href":"https:\/\/www.hebamme-veh.de\/index.php?rest_route=%2Fwp%2Fv2%2Fcomments&post=2"}],"version-history":[{"count":31,"href":"https:\/\/www.hebamme-veh.de\/index.php?rest_route=\/wp\/v2\/pages\/2\/revisions"}],"predecessor-version":[{"id":349,"href":"https:\/\/www.hebamme-veh.de\/index.php?rest_route=\/wp\/v2\/pages\/2\/revisions\/349"}],"wp:attachment":[{"href":"https:\/\/www.hebamme-veh.de\/index.php?rest_route=%2Fwp%2Fv2%2Fmedia&parent=2"}],"curies":[{"name":"wp","href":"https:\/\/api.w.org\/{rel}","templated":true}]}}